{"id":87,"date":"2019-01-12T16:42:35","date_gmt":"2019-01-12T15:42:35","guid":{"rendered":"http:\/\/maretag.de\/GSE\/?page_id=87"},"modified":"2022-05-30T16:43:46","modified_gmt":"2022-05-30T14:43:46","slug":"datenschutzerklaerung","status":"publish","type":"page","link":"https:\/\/www.goldstaubevent.com\/?page_id=87","title":{"rendered":"Datenschutzerkl\u00e4rung"},"content":{"rendered":"\t\t<div data-elementor-type=\"wp-post\" data-elementor-id=\"87\" class=\"elementor elementor-87\">\n\t\t\t\t\t\t<section class=\"elementor-section elementor-top-section elementor-element elementor-element-e4f754b elementor-section-boxed elementor-section-height-default elementor-section-height-default\" data-id=\"e4f754b\" data-element_type=\"section\" data-e-type=\"section\">\n\t\t\t\t\t\t<div class=\"elementor-container elementor-column-gap-default\">\n\t\t\t\t\t<div class=\"elementor-column elementor-col-100 elementor-top-column elementor-element elementor-element-8dbaa2c\" data-id=\"8dbaa2c\" data-element_type=\"column\" data-e-type=\"column\">\n\t\t\t<div class=\"elementor-widget-wrap elementor-element-populated\">\n\t\t\t\t\t\t<div class=\"elementor-element elementor-element-0b50ccc elementor-widget elementor-widget-heading\" data-id=\"0b50ccc\" data-element_type=\"widget\" data-e-type=\"widget\" data-widget_type=\"heading.default\">\n\t\t\t\t<div class=\"elementor-widget-container\">\n\t\t\t\t\t<h3 class=\"elementor-heading-title elementor-size-default\">Datenschutzerkl\u00e4rung<\/h3>\t\t\t\t<\/div>\n\t\t\t\t<\/div>\n\t\t\t\t\t<\/div>\n\t\t<\/div>\n\t\t\t\t\t<\/div>\n\t\t<\/section>\n\t\t\t\t<section class=\"elementor-section elementor-top-section elementor-element elementor-element-c7422e5 elementor-section-boxed elementor-section-height-default elementor-section-height-default\" data-id=\"c7422e5\" data-element_type=\"section\" data-e-type=\"section\">\n\t\t\t\t\t\t<div class=\"elementor-container elementor-column-gap-default\">\n\t\t\t\t\t<div class=\"elementor-column elementor-col-100 elementor-top-column elementor-element elementor-element-6a31a6bb\" data-id=\"6a31a6bb\" data-element_type=\"column\" data-e-type=\"column\">\n\t\t\t<div class=\"elementor-widget-wrap elementor-element-populated\">\n\t\t\t\t\t\t<div class=\"elementor-element elementor-element-36851ea3 elementor-widget elementor-widget-text-editor\" data-id=\"36851ea3\" data-element_type=\"widget\" data-e-type=\"widget\" data-widget_type=\"text-editor.default\">\n\t\t\t\t<div class=\"elementor-widget-container\">\n\t\t\t\t\t\t\t\t\t<p><\/p>\n<p>Der Schutz Ihrer Daten ist uns wichtig. Hier informieren wir Sie, welche Daten wir zu welchen Zwecken verwenden. Sollten Sie Fragen zum Umgang mit Ihren personenbezogenen Daten haben, wenden Sie Sich gerne an uns unter <a href=\"mailto:datenschutz@goldstaubevent.com\">datenschutz@goldstaubevent.com<\/a><\/p>\n<h4>1. Verantwortliche Stelle und Anbieter<\/h4>\n<p>Verantwortliche Stelle f\u00fcr die Erhebung und Verarbeitung Ihrer personenbezogenen Daten auf dieser Website ist die Firma goldstaubevent Ingo Glaesmer.<\/p>\n<h4>2. Speicherung von Zugriffsdaten<\/h4>\n<p>Bei jedem Zugriff auf unseren Internetauftritt werden Zugriffsdaten in einer Protokolldatei auf dem Server unseres Providers gespeichert.<br \/>Dieser Datensatz besteht aus Ihrer IP-Adresse, Datum und Uhrzeit der Anforderung, dem Namen der angeforderten Datei, dem Dateinamen, von der aus die Datei angefordert wurde, der \u00fcbertragenen Datenmenge und dem Zugriffsstatus, einer Beschreibung des verwendeten Webbrowsers und Betriebssystems sowie dem Namen Ihres Internet Service Providers. Diese Daten werden aus technischen Gr\u00fcnden erhoben. Eine Auswertung findet ausschlie\u00dflich zu statistischen Zwecken und ohne Personenbezug statt.<\/p>\n<h4>3. Kontaktformular und andere Datenerfassung\/Einwilligung<\/h4>\n<p>Weitergehende personenbezogene Daten werden nur erfasst, wenn Sie uns diese Angaben freiwillig zur Verf\u00fcgung stellen, etwa im Rahmen einer Anfrage. Wir verwenden diese Daten nur zur Beantwortung Ihrer Anfragen, zur Abwicklung der mit Ihnen geschlossenen Vertr\u00e4ge und f\u00fcr die technische Administration. Eine Weitergabe an Dritte findet nicht ohne Ihre Zustimmung statt.<br \/>Ihre Einwilligung k\u00f6nnen Sie selbstverst\u00e4ndlich jederzeit f\u00fcr die Zukunft widerrufen. Bitte wenden Sie sich hierf\u00fcr an <a href=\"mailto:datenschutz@goldstaubevent.com\">datenschutz@goldstaubevent.com<\/a><\/p>\n<h4>4. Hinweis auf mangelnde Vertraulichkeit bei Internet-Kommunikation<\/h4>\n<p>Bitte beachten Sie, dass bei der Kommunikation \u00fcber das Internet (z.\u00a0B. per E-Mail) keine vollst\u00e4ndige Vertraulichkeit und Datensicherheit gew\u00e4hrleistet ist. Ein l\u00fcckenloser Schutz der Daten vor dem Zugriff Dritter ist nicht m\u00f6glich.<\/p>\n<h4>5. Hinweis auf Auskunftsrecht<\/h4>\n<p>Sie haben das Recht, unentgeltlich Auskunft zu erhalten, welche Daten \u00fcber Sie gespeichert sind und zu welchem Zweck die Speicherung erfolgt. Zus\u00e4tzlich haben Sie das Recht auf Berichtigung unrichtiger Daten sowie auf Sperrung und L\u00f6schung, soweit die Speicherung unzul\u00e4ssig oder nicht mehr erforderlich ist. Auch hierzu wenden Sie Sich bitte an <a href=\"mailto:datenschutz@goldstaubevent.com\">datenschutz@goldstaubevent.com<\/a><\/p>\n<h4>6. Cookies<\/h4>\n<p>Wir speichern auf Ihrer Festplatte Cookies. Diese enthalten eine eindeutige Nummer, die au\u00dferhalb unserer Website keine Bedeutung hat. Sie haben das Recht und die M\u00f6glichkeit, Ihren Browser so einzurichten, dass er unsere Cookies ablehnt. In diesem Fall kann allerdings der Funktionsumfang unseres Internetangebots eingeschr\u00e4nkt sein.<i>\u00a0<\/i><\/p>\n<h4>7. Kontaktformular und andere Datenerfassung<\/h4>\n<p>Weitergehende personenbezogene Daten werden nur erfasst, wenn Sie uns diese Angaben freiwillig zur Verf\u00fcgung stellen, etwa im Rahmen einer Anfrage. Wir verwenden diese Daten nur zur Beantwortung Ihrer Anfragen, zur Abwicklung der mit Ihnen geschlossenen Vertr\u00e4ge und f\u00fcr die technische Administration. Eine Weitergabe an Dritte findet nicht ohne Ihre Zustimmung statt.<\/p>\n<h4>8. Hinweis auf Auskunftsrecht<\/h4>\n<p>Sie haben das Recht, unentgeltlich Auskunft zu erhalten, welche Daten \u00fcber Sie gespeichert sind und zu welchem Zweck die Speicherung erfolgt. Zus\u00e4tzlich haben Sie das Recht auf Berichtigung unrichtiger Daten sowie auf Sperrung und L\u00f6schung, soweit die Speicherung unzul\u00e4ssig oder nicht mehr erforderlich ist.<\/p>\n<p><\/p>\t\t\t\t\t\t\t\t<\/div>\n\t\t\t\t<\/div>\n\t\t\t\t\t<\/div>\n\t\t<\/div>\n\t\t\t\t\t<\/div>\n\t\t<\/section>\n\t\t<div class=\"elementor-element elementor-element-682749f e-flex e-con-boxed e-con e-parent\" data-id=\"682749f\" data-element_type=\"container\" data-e-type=\"container\">\n\t\t\t\t\t<div class=\"e-con-inner\">\n\t\t\t\t<div class=\"elementor-element elementor-element-9e660b9 elementor-widget elementor-widget-shortcode\" data-id=\"9e660b9\" data-element_type=\"widget\" data-e-type=\"widget\" data-widget_type=\"shortcode.default\">\n\t\t\t\t<div class=\"elementor-widget-container\">\n\t\t\t\t\t\t\t<div class=\"elementor-shortcode\"><i><script\n\t\ttype=\"text\/javascript\"\n\t\tid=\"CookieDeclaration\"\n\t\tsrc=\"https:\/\/consent.cookiebot.com\/fd7414da-4e59-4dc1-b405-d314c88531c8\/cd.js\"\n\t\t\tdata-culture=\"DE\"\n\t\tasync><\/script>\n<\/i><\/div>\n\t\t\t\t\t\t<\/div>\n\t\t\t\t<\/div>\n\t\t\t\t\t<\/div>\n\t\t\t\t<\/div>\n\t\t\t\t<\/div>\n\t\t","protected":false},"excerpt":{"rendered":"<p>Datenschutzerkl\u00e4rung<\/p>\n","protected":false},"author":1,"featured_media":0,"parent":0,"menu_order":0,"comment_status":"closed","ping_status":"closed","template":"","meta":{"footnotes":""},"class_list":["post-87","page","type-page","status-publish","hentry"],"yoast_head":"<!-- This site is optimized with the Yoast SEO plugin v27.4 - https:\/\/yoast.com\/product\/yoast-seo-wordpress\/ -->\n<title>Datenschutzerkl\u00e4rung - goldstaubevent - ingo glaesmer<\/title>\n<meta name=\"robots\" content=\"index, follow, max-snippet:-1, max-image-preview:large, max-video-preview:-1\" \/>\n<link rel=\"canonical\" href=\"https:\/\/www.goldstaubevent.com\/?page_id=87\" \/>\n<meta property=\"og:locale\" content=\"de_DE\" \/>\n<meta property=\"og:type\" content=\"article\" \/>\n<meta property=\"og:title\" content=\"Datenschutzerkl\u00e4rung - goldstaubevent - ingo glaesmer\" \/>\n<meta property=\"og:description\" content=\"Datenschutzerkl\u00e4rung\" \/>\n<meta property=\"og:url\" content=\"https:\/\/www.goldstaubevent.com\/?page_id=87\" \/>\n<meta property=\"og:site_name\" content=\"goldstaubevent - ingo glaesmer\" \/>\n<meta property=\"article:modified_time\" content=\"2022-05-30T14:43:46+00:00\" \/>\n<meta name=\"twitter:card\" content=\"summary_large_image\" \/>\n<meta name=\"twitter:label1\" content=\"Gesch\u00e4tzte Lesezeit\" \/>\n\t<meta name=\"twitter:data1\" content=\"3\u00a0Minuten\" \/>\n<script type=\"application\/ld+json\" class=\"yoast-schema-graph\">{\"@context\":\"https:\\\/\\\/schema.org\",\"@graph\":[{\"@type\":\"WebPage\",\"@id\":\"https:\\\/\\\/www.goldstaubevent.com\\\/?page_id=87\",\"url\":\"https:\\\/\\\/www.goldstaubevent.com\\\/?page_id=87\",\"name\":\"Datenschutzerkl\u00e4rung - goldstaubevent - ingo glaesmer\",\"isPartOf\":{\"@id\":\"https:\\\/\\\/www.goldstaubevent.com\\\/#website\"},\"datePublished\":\"2019-01-12T15:42:35+00:00\",\"dateModified\":\"2022-05-30T14:43:46+00:00\",\"breadcrumb\":{\"@id\":\"https:\\\/\\\/www.goldstaubevent.com\\\/?page_id=87#breadcrumb\"},\"inLanguage\":\"de\",\"potentialAction\":[{\"@type\":\"ReadAction\",\"target\":[\"https:\\\/\\\/www.goldstaubevent.com\\\/?page_id=87\"]}]},{\"@type\":\"BreadcrumbList\",\"@id\":\"https:\\\/\\\/www.goldstaubevent.com\\\/?page_id=87#breadcrumb\",\"itemListElement\":[{\"@type\":\"ListItem\",\"position\":1,\"name\":\"Startseite\",\"item\":\"https:\\\/\\\/www.goldstaubevent.com\\\/\"},{\"@type\":\"ListItem\",\"position\":2,\"name\":\"Datenschutzerkl\u00e4rung\"}]},{\"@type\":\"WebSite\",\"@id\":\"https:\\\/\\\/www.goldstaubevent.com\\\/#website\",\"url\":\"https:\\\/\\\/www.goldstaubevent.com\\\/\",\"name\":\"goldstaubevent - ingo glaesmer\",\"description\":\"Veranstaltungen aus Meisterhand - f\u00fcr Ihren Erfolg!\",\"publisher\":{\"@id\":\"https:\\\/\\\/www.goldstaubevent.com\\\/#organization\"},\"potentialAction\":[{\"@type\":\"SearchAction\",\"target\":{\"@type\":\"EntryPoint\",\"urlTemplate\":\"https:\\\/\\\/www.goldstaubevent.com\\\/?s={search_term_string}\"},\"query-input\":{\"@type\":\"PropertyValueSpecification\",\"valueRequired\":true,\"valueName\":\"search_term_string\"}}],\"inLanguage\":\"de\"},{\"@type\":\"Organization\",\"@id\":\"https:\\\/\\\/www.goldstaubevent.com\\\/#organization\",\"name\":\"goldstaub event - ingo glaesmer\",\"url\":\"https:\\\/\\\/www.goldstaubevent.com\\\/\",\"logo\":{\"@type\":\"ImageObject\",\"inLanguage\":\"de\",\"@id\":\"https:\\\/\\\/www.goldstaubevent.com\\\/#\\\/schema\\\/logo\\\/image\\\/\",\"url\":\"https:\\\/\\\/www.goldstaubevent.com\\\/wp-content\\\/uploads\\\/2019\\\/01\\\/GSE-Logo-1024x151.png\",\"contentUrl\":\"https:\\\/\\\/www.goldstaubevent.com\\\/wp-content\\\/uploads\\\/2019\\\/01\\\/GSE-Logo-1024x151.png\",\"width\":1024,\"height\":151,\"caption\":\"goldstaub event - ingo glaesmer\"},\"image\":{\"@id\":\"https:\\\/\\\/www.goldstaubevent.com\\\/#\\\/schema\\\/logo\\\/image\\\/\"}}]}<\/script>\n<!-- \/ Yoast SEO plugin. -->","yoast_head_json":{"title":"Datenschutzerkl\u00e4rung - goldstaubevent - ingo glaesmer","robots":{"index":"index","follow":"follow","max-snippet":"max-snippet:-1","max-image-preview":"max-image-preview:large","max-video-preview":"max-video-preview:-1"},"canonical":"https:\/\/www.goldstaubevent.com\/?page_id=87","og_locale":"de_DE","og_type":"article","og_title":"Datenschutzerkl\u00e4rung - goldstaubevent - ingo glaesmer","og_description":"Datenschutzerkl\u00e4rung","og_url":"https:\/\/www.goldstaubevent.com\/?page_id=87","og_site_name":"goldstaubevent - ingo glaesmer","article_modified_time":"2022-05-30T14:43:46+00:00","twitter_card":"summary_large_image","twitter_misc":{"Gesch\u00e4tzte Lesezeit":"3\u00a0Minuten"},"schema":{"@context":"https:\/\/schema.org","@graph":[{"@type":"WebPage","@id":"https:\/\/www.goldstaubevent.com\/?page_id=87","url":"https:\/\/www.goldstaubevent.com\/?page_id=87","name":"Datenschutzerkl\u00e4rung - goldstaubevent - ingo glaesmer","isPartOf":{"@id":"https:\/\/www.goldstaubevent.com\/#website"},"datePublished":"2019-01-12T15:42:35+00:00","dateModified":"2022-05-30T14:43:46+00:00","breadcrumb":{"@id":"https:\/\/www.goldstaubevent.com\/?page_id=87#breadcrumb"},"inLanguage":"de","potentialAction":[{"@type":"ReadAction","target":["https:\/\/www.goldstaubevent.com\/?page_id=87"]}]},{"@type":"BreadcrumbList","@id":"https:\/\/www.goldstaubevent.com\/?page_id=87#breadcrumb","itemListElement":[{"@type":"ListItem","position":1,"name":"Startseite","item":"https:\/\/www.goldstaubevent.com\/"},{"@type":"ListItem","position":2,"name":"Datenschutzerkl\u00e4rung"}]},{"@type":"WebSite","@id":"https:\/\/www.goldstaubevent.com\/#website","url":"https:\/\/www.goldstaubevent.com\/","name":"goldstaubevent - ingo glaesmer","description":"Veranstaltungen aus Meisterhand - f\u00fcr Ihren Erfolg!","publisher":{"@id":"https:\/\/www.goldstaubevent.com\/#organization"},"potentialAction":[{"@type":"SearchAction","target":{"@type":"EntryPoint","urlTemplate":"https:\/\/www.goldstaubevent.com\/?s={search_term_string}"},"query-input":{"@type":"PropertyValueSpecification","valueRequired":true,"valueName":"search_term_string"}}],"inLanguage":"de"},{"@type":"Organization","@id":"https:\/\/www.goldstaubevent.com\/#organization","name":"goldstaub event - ingo glaesmer","url":"https:\/\/www.goldstaubevent.com\/","logo":{"@type":"ImageObject","inLanguage":"de","@id":"https:\/\/www.goldstaubevent.com\/#\/schema\/logo\/image\/","url":"https:\/\/www.goldstaubevent.com\/wp-content\/uploads\/2019\/01\/GSE-Logo-1024x151.png","contentUrl":"https:\/\/www.goldstaubevent.com\/wp-content\/uploads\/2019\/01\/GSE-Logo-1024x151.png","width":1024,"height":151,"caption":"goldstaub event - ingo glaesmer"},"image":{"@id":"https:\/\/www.goldstaubevent.com\/#\/schema\/logo\/image\/"}}]}},"_links":{"self":[{"href":"https:\/\/www.goldstaubevent.com\/index.php?rest_route=\/wp\/v2\/pages\/87","targetHints":{"allow":["GET"]}}],"collection":[{"href":"https:\/\/www.goldstaubevent.com\/index.php?rest_route=\/wp\/v2\/pages"}],"about":[{"href":"https:\/\/www.goldstaubevent.com\/index.php?rest_route=\/wp\/v2\/types\/page"}],"author":[{"embeddable":true,"href":"https:\/\/www.goldstaubevent.com\/index.php?rest_route=\/wp\/v2\/users\/1"}],"replies":[{"embeddable":true,"href":"https:\/\/www.goldstaubevent.com\/index.php?rest_route=%2Fwp%2Fv2%2Fcomments&post=87"}],"version-history":[{"count":0,"href":"https:\/\/www.goldstaubevent.com\/index.php?rest_route=\/wp\/v2\/pages\/87\/revisions"}],"wp:attachment":[{"href":"https:\/\/www.goldstaubevent.com\/index.php?rest_route=%2Fwp%2Fv2%2Fmedia&parent=87"}],"curies":[{"name":"wp","href":"https:\/\/api.w.org\/{rel}","templated":true}]}}