{"id":66,"date":"2019-01-12T14:41:20","date_gmt":"2019-01-12T13:41:20","guid":{"rendered":"http:\/\/maretag.de\/GSE\/?page_id=66"},"modified":"2024-05-29T16:59:35","modified_gmt":"2024-05-29T14:59:35","slug":"kontakt","status":"publish","type":"page","link":"https:\/\/www.goldstaubevent.com\/?page_id=66","title":{"rendered":"Kontakt"},"content":{"rendered":"\t\t<div data-elementor-type=\"wp-post\" data-elementor-id=\"66\" class=\"elementor elementor-66\">\n\t\t\t\t\t\t<section class=\"elementor-section elementor-top-section elementor-element elementor-element-2f7ec8a elementor-section-boxed elementor-section-height-default elementor-section-height-default\" data-id=\"2f7ec8a\" data-element_type=\"section\" data-e-type=\"section\">\n\t\t\t\t\t\t<div class=\"elementor-container elementor-column-gap-default\">\n\t\t\t\t\t<div class=\"elementor-column elementor-col-100 elementor-top-column elementor-element elementor-element-332cb46\" data-id=\"332cb46\" data-element_type=\"column\" data-e-type=\"column\">\n\t\t\t<div class=\"elementor-widget-wrap elementor-element-populated\">\n\t\t\t\t\t\t<div class=\"elementor-element elementor-element-ea6ac3a elementor-widget elementor-widget-spacer\" data-id=\"ea6ac3a\" data-element_type=\"widget\" data-e-type=\"widget\" data-widget_type=\"spacer.default\">\n\t\t\t\t<div class=\"elementor-widget-container\">\n\t\t\t\t\t\t\t<div class=\"elementor-spacer\">\n\t\t\t<div class=\"elementor-spacer-inner\"><\/div>\n\t\t<\/div>\n\t\t\t\t\t\t<\/div>\n\t\t\t\t<\/div>\n\t\t\t\t<div class=\"elementor-element elementor-element-ee07380 elementor-widget elementor-widget-heading\" data-id=\"ee07380\" data-element_type=\"widget\" data-e-type=\"widget\" data-widget_type=\"heading.default\">\n\t\t\t\t<div class=\"elementor-widget-container\">\n\t\t\t\t\t<h3 class=\"elementor-heading-title elementor-size-default\">Kontakt<\/h3>\t\t\t\t<\/div>\n\t\t\t\t<\/div>\n\t\t\t\t\t<\/div>\n\t\t<\/div>\n\t\t\t\t\t<\/div>\n\t\t<\/section>\n\t\t\t\t<section class=\"elementor-section elementor-top-section elementor-element elementor-element-ae11095 elementor-section-boxed elementor-section-height-default elementor-section-height-default elementor-invisible\" data-id=\"ae11095\" data-element_type=\"section\" data-e-type=\"section\" data-settings=\"{&quot;animation&quot;:&quot;fadeIn&quot;}\">\n\t\t\t\t\t\t<div class=\"elementor-container elementor-column-gap-default\">\n\t\t\t\t\t<div class=\"elementor-column elementor-col-100 elementor-top-column elementor-element elementor-element-3bae6cc\" data-id=\"3bae6cc\" data-element_type=\"column\" data-e-type=\"column\">\n\t\t\t<div class=\"elementor-widget-wrap elementor-element-populated\">\n\t\t\t\t\t\t<section class=\"elementor-section elementor-inner-section elementor-element elementor-element-5e54e96 elementor-section-boxed elementor-section-height-default elementor-section-height-default\" data-id=\"5e54e96\" data-element_type=\"section\" data-e-type=\"section\">\n\t\t\t\t\t\t<div class=\"elementor-container elementor-column-gap-default\">\n\t\t\t\t\t<div class=\"elementor-column elementor-col-50 elementor-inner-column elementor-element elementor-element-6a4ea45\" data-id=\"6a4ea45\" data-element_type=\"column\" data-e-type=\"column\">\n\t\t\t<div class=\"elementor-widget-wrap elementor-element-populated\">\n\t\t\t\t\t\t<div class=\"elementor-element elementor-element-3005cf3 elementor-widget elementor-widget-image\" data-id=\"3005cf3\" data-element_type=\"widget\" data-e-type=\"widget\" data-widget_type=\"image.default\">\n\t\t\t\t<div class=\"elementor-widget-container\">\n\t\t\t\t\t\t\t\t\t\t\t\t\t\t\t<img fetchpriority=\"high\" decoding=\"async\" width=\"1024\" height=\"683\" src=\"https:\/\/www.goldstaubevent.com\/wp-content\/uploads\/2021\/05\/1_PP-1-von-1-1024x683.jpeg\" class=\"attachment-large size-large wp-image-3008\" alt=\"Ingo Glaesmer\" srcset=\"https:\/\/www.goldstaubevent.com\/wp-content\/uploads\/2021\/05\/1_PP-1-von-1-1024x683.jpeg 1024w, https:\/\/www.goldstaubevent.com\/wp-content\/uploads\/2021\/05\/1_PP-1-von-1-300x200.jpeg 300w, https:\/\/www.goldstaubevent.com\/wp-content\/uploads\/2021\/05\/1_PP-1-von-1-768x512.jpeg 768w, https:\/\/www.goldstaubevent.com\/wp-content\/uploads\/2021\/05\/1_PP-1-von-1-1536x1024.jpeg 1536w, https:\/\/www.goldstaubevent.com\/wp-content\/uploads\/2021\/05\/1_PP-1-von-1-2048x1365.jpeg 2048w, https:\/\/www.goldstaubevent.com\/wp-content\/uploads\/2021\/05\/1_PP-1-von-1-830x553.jpeg 830w, https:\/\/www.goldstaubevent.com\/wp-content\/uploads\/2021\/05\/1_PP-1-von-1-230x153.jpeg 230w, https:\/\/www.goldstaubevent.com\/wp-content\/uploads\/2021\/05\/1_PP-1-von-1-350x233.jpeg 350w, https:\/\/www.goldstaubevent.com\/wp-content\/uploads\/2021\/05\/1_PP-1-von-1-480x320.jpeg 480w\" sizes=\"(max-width: 1024px) 100vw, 1024px\" \/>\t\t\t\t\t\t\t\t\t\t\t\t\t\t\t<\/div>\n\t\t\t\t<\/div>\n\t\t\t\t\t<\/div>\n\t\t<\/div>\n\t\t\t\t<div class=\"elementor-column elementor-col-50 elementor-inner-column elementor-element elementor-element-84c6e14\" data-id=\"84c6e14\" data-element_type=\"column\" data-e-type=\"column\">\n\t\t\t<div class=\"elementor-widget-wrap elementor-element-populated\">\n\t\t\t\t\t\t<div class=\"elementor-element elementor-element-a9a606e elementor-widget elementor-widget-text-editor\" data-id=\"a9a606e\" data-element_type=\"widget\" data-e-type=\"widget\" data-widget_type=\"text-editor.default\">\n\t\t\t\t<div class=\"elementor-widget-container\">\n\t\t\t\t\t\t\t\t\t<p>Ich freue mich sehr, dass Sie sich f\u00fcr meine Arbeit interessieren.<\/p><p>Rufen Sie gern an oder schreiben Sie eine E-Mail, ich melde mich umgehend bei Ihnen.<\/p>\t\t\t\t\t\t\t\t<\/div>\n\t\t\t\t<\/div>\n\t\t\t\t\t<\/div>\n\t\t<\/div>\n\t\t\t\t\t<\/div>\n\t\t<\/section>\n\t\t\t\t\t<\/div>\n\t\t<\/div>\n\t\t\t\t\t<\/div>\n\t\t<\/section>\n\t\t\t\t<section class=\"elementor-section elementor-top-section elementor-element elementor-element-100818b elementor-section-boxed elementor-section-height-default elementor-section-height-default\" data-id=\"100818b\" data-element_type=\"section\" data-e-type=\"section\">\n\t\t\t\t\t\t<div class=\"elementor-container elementor-column-gap-default\">\n\t\t\t\t\t<div class=\"elementor-column elementor-col-100 elementor-top-column elementor-element elementor-element-ea0d6c9\" data-id=\"ea0d6c9\" data-element_type=\"column\" data-e-type=\"column\">\n\t\t\t<div class=\"elementor-widget-wrap elementor-element-populated\">\n\t\t\t\t\t\t<div class=\"elementor-element elementor-element-3494edc elementor-widget elementor-widget-shortcode\" data-id=\"3494edc\" data-element_type=\"widget\" data-e-type=\"widget\" data-widget_type=\"shortcode.default\">\n\t\t\t\t<div class=\"elementor-widget-container\">\n\t\t\t\t\t\t\t<div class=\"elementor-shortcode\"><div class=\"everest-forms\"><div class=\"evf-container default\" id=\"evf-70\"><form id=\"evf-form-70\" class=\"everest-form\" data-formid=\"70\" data-ajax_submission=\"0\" data-keyboard_friendly_form=\"0\" data-form_state_type=\"\" method=\"post\" enctype=\"multipart\/form-data\" action=\"\/index.php?rest_route=%2Fwp%2Fv2%2Fpages%2F66\"><div class=\"evf-field-container\"><input type=\"hidden\" id=\"_wpnonce70\" name=\"_wpnonce70\" value=\"4683b9fb78\" \/><input type=\"hidden\" name=\"_wp_http_referer\" value=\"\/index.php?rest_route=%2Fwp%2Fv2%2Fpages%2F66\" \/><div class=\"evf-frontend-row\" data-row=\"row_1\" conditional_rules=\"[]\"><div class=\"evf-frontend-grid evf-grid-1\" data-grid=\"grid_1\"><div id=\"evf-70-field_fullname-container\" class=\"evf-field evf-field-text form-row validate-required\" data-required-field-message=\"Dieses Feld ist obligatorisch! This field is required!\" data-field-id=\"fullname\"><label class=\"evf-field-label\" for=\"evf-70-field_fullname\"><span class=\"evf-label\">Name<\/span> <abbr class=\"required\" title=\"Required\">*<\/abbr><\/label><input type=\"text\" id=\"evf-70-field_fullname\" class=\"input-text\" name=\"everest_forms[form_fields][fullname]\" required><\/div><div id=\"evf-70-field_email-container\" class=\"evf-field evf-field-email form-row validate-required validate-email\" data-required-field-message=\"Bitte geben Sie eine g\u00fcltige E-Mail Adresse ein! Please enter a valid email address!\" data-field-id=\"email\"><label class=\"evf-field-label\" for=\"evf-70-field_email\"><span class=\"evf-label\">E-Mail<\/span> <abbr class=\"required\" title=\"Required\">*<\/abbr><\/label><input type=\"email\" id=\"evf-70-field_email\" class=\"input-text\" name=\"everest_forms[form_fields][email]\" required ><\/div><div id=\"evf-70-field_subject-container\" class=\"evf-field evf-field-text form-row validate-required\" data-required-field-message=\"Dieses Feld ist obligatorisch! This field is required!\" data-field-id=\"subject\"><label class=\"evf-field-label\" for=\"evf-70-field_subject\"><span class=\"evf-label\">Betreff<\/span> <abbr class=\"required\" title=\"Required\">*<\/abbr><\/label><input type=\"text\" id=\"evf-70-field_subject\" class=\"input-text\" name=\"everest_forms[form_fields][subject]\" required><\/div><div id=\"evf-70-field_message-container\" class=\"evf-field evf-field-textarea form-row\" data-field-id=\"message\"><label class=\"evf-field-label\" for=\"evf-70-field_message\"><span class=\"evf-label\">Nachricht<\/span> <\/label><textarea id=\"evf-70-field_message\" class=\"input-text\" name=\"everest_forms[form_fields][message]\"  ><\/textarea><\/div><div id=\"evf-70-field_1uffmfV2T6-4-container\" class=\"evf-field evf-field-checkbox form-row validate-required\" data-required-field-message=\"Dieses Feld ist obligatorisch! This field is required!\" data-field-id=\"1uffmfV2T6-4\"><label class=\"evf-field-label evf-label-hide\" for=\"evf-70-field_1uffmfV2T6-4\"><span class=\"evf-label\">Checkboxes<\/span> <abbr class=\"required\" title=\"Required\">*<\/abbr><\/label><ul id=\"evf-70-field_1uffmfV2T6-4\" class=\" evf-field-required\"><li class=\"choice-1 depth-1\"><input type=\"checkbox\" id=\"evf-70-field_1uffmfV2T6-4_1\" class=\"input-text\" name=\"everest_forms[form_fields][1uffmfV2T6-4][]\" value=\"Annahme der Datenschutzerkl\u00e4rung\" required ><label class=\"everest-forms-field-label-inline\" for=\"evf-70-field_1uffmfV2T6-4_1\">Annahme der Datenschutzerkl\u00e4rung<\/label><\/li><\/ul><div class=\"evf-field-description\">Ich erkl\u00e4re mein Einverst\u00e4ndnis mit der Erfassung und Speicherung meiner \u00fcbermittelten Daten.<\/div><\/div><\/div><\/div><\/div><div class=\"evf-honeypot-container evf-field-hp\"><label for=\"evf-70-field-hp\" class=\"evf-field-label\">Name<\/label><input type=\"text\" name=\"everest_forms[hp]\" id=\"evf-70-field-hp\" class=\"input-text\"><\/div><div class=\"evf-submit-container \" ><input type=\"hidden\" name=\"everest_forms[id]\" value=\"70\"><input type=\"hidden\" name=\"everest_forms[author]\" value=\"1\"><button type='submit' name='everest_forms[submit]' class='everest-forms-submit-button button evf-submit ' id='evf-submit-70' value='evf-submit' data-process-text=\"Processing\u2026\" conditional_rules='&quot;&quot;' conditional_id='evf-submit-70'  id=\"evf-submit-70\" aria-live=\"assertive\">Senden<\/button><\/div><\/form><\/div><!-- .evf-container --><\/div><\/div>\n\t\t\t\t\t\t<\/div>\n\t\t\t\t<\/div>\n\t\t\t\t\t<\/div>\n\t\t<\/div>\n\t\t\t\t\t<\/div>\n\t\t<\/section>\n\t\t<div class=\"elementor-element elementor-element-e5d7e69 e-flex e-con-boxed e-con e-parent\" data-id=\"e5d7e69\" data-element_type=\"container\" data-e-type=\"container\">\n\t\t\t\t\t<div class=\"e-con-inner\">\n\t\t\t\t<div class=\"elementor-element elementor-element-b6d8eef elementor-widget elementor-widget-shortcode\" data-id=\"b6d8eef\" data-element_type=\"widget\" data-e-type=\"widget\" data-widget_type=\"shortcode.default\">\n\t\t\t\t<div class=\"elementor-widget-container\">\n\t\t\t\t\t\t\t<div class=\"elementor-shortcode\">\n<\/div>\n\t\t\t\t\t\t<\/div>\n\t\t\t\t<\/div>\n\t\t\t\t\t<\/div>\n\t\t\t\t<\/div>\n\t\t\t\t<\/div>\n\t\t","protected":false},"excerpt":{"rendered":"<p>Kontakt Ich freue mich sehr, dass Sie sich f\u00fcr meine Arbeit interessieren. Rufen Sie gern an oder schreiben Sie eine E-Mail, ich melde mich umgehend bei Ihnen.<\/p>\n","protected":false},"author":1,"featured_media":0,"parent":0,"menu_order":0,"comment_status":"closed","ping_status":"closed","template":"","meta":{"footnotes":""},"class_list":["post-66","page","type-page","status-publish","hentry"],"yoast_head":"<!-- This site is optimized with the Yoast SEO plugin v27.5 - https:\/\/yoast.com\/product\/yoast-seo-wordpress\/ -->\n<title>Kontakt - goldstaubevent - ingo glaesmer<\/title>\n<meta name=\"robots\" content=\"index, follow, max-snippet:-1, max-image-preview:large, max-video-preview:-1\" \/>\n<link rel=\"canonical\" href=\"https:\/\/www.goldstaubevent.com\/?page_id=66\" \/>\n<meta property=\"og:locale\" content=\"de_DE\" \/>\n<meta property=\"og:type\" content=\"article\" \/>\n<meta property=\"og:title\" content=\"Kontakt - goldstaubevent - ingo glaesmer\" \/>\n<meta property=\"og:description\" content=\"Kontakt Ich freue mich sehr, dass Sie sich f\u00fcr meine Arbeit interessieren. Rufen Sie gern an oder schreiben Sie eine E-Mail, ich melde mich umgehend bei Ihnen.\" \/>\n<meta property=\"og:url\" content=\"https:\/\/www.goldstaubevent.com\/?page_id=66\" \/>\n<meta property=\"og:site_name\" content=\"goldstaubevent - ingo glaesmer\" \/>\n<meta property=\"article:modified_time\" content=\"2024-05-29T14:59:35+00:00\" \/>\n<meta property=\"og:image\" content=\"https:\/\/www.goldstaubevent.com\/wp-content\/uploads\/2021\/05\/1_PP-1-von-1-1024x683.jpeg\" \/>\n<meta name=\"twitter:card\" content=\"summary_large_image\" \/>\n<script type=\"application\/ld+json\" class=\"yoast-schema-graph\">{\"@context\":\"https:\\\/\\\/schema.org\",\"@graph\":[{\"@type\":\"WebPage\",\"@id\":\"https:\\\/\\\/www.goldstaubevent.com\\\/?page_id=66\",\"url\":\"https:\\\/\\\/www.goldstaubevent.com\\\/?page_id=66\",\"name\":\"Kontakt - goldstaubevent - ingo glaesmer\",\"isPartOf\":{\"@id\":\"https:\\\/\\\/www.goldstaubevent.com\\\/#website\"},\"primaryImageOfPage\":{\"@id\":\"https:\\\/\\\/www.goldstaubevent.com\\\/?page_id=66#primaryimage\"},\"image\":{\"@id\":\"https:\\\/\\\/www.goldstaubevent.com\\\/?page_id=66#primaryimage\"},\"thumbnailUrl\":\"https:\\\/\\\/www.goldstaubevent.com\\\/wp-content\\\/uploads\\\/2021\\\/05\\\/1_PP-1-von-1-1024x683.jpeg\",\"datePublished\":\"2019-01-12T13:41:20+00:00\",\"dateModified\":\"2024-05-29T14:59:35+00:00\",\"breadcrumb\":{\"@id\":\"https:\\\/\\\/www.goldstaubevent.com\\\/?page_id=66#breadcrumb\"},\"inLanguage\":\"de\",\"potentialAction\":[{\"@type\":\"ReadAction\",\"target\":[\"https:\\\/\\\/www.goldstaubevent.com\\\/?page_id=66\"]}]},{\"@type\":\"ImageObject\",\"inLanguage\":\"de\",\"@id\":\"https:\\\/\\\/www.goldstaubevent.com\\\/?page_id=66#primaryimage\",\"url\":\"https:\\\/\\\/www.goldstaubevent.com\\\/wp-content\\\/uploads\\\/2021\\\/05\\\/1_PP-1-von-1-1024x683.jpeg\",\"contentUrl\":\"https:\\\/\\\/www.goldstaubevent.com\\\/wp-content\\\/uploads\\\/2021\\\/05\\\/1_PP-1-von-1-1024x683.jpeg\"},{\"@type\":\"BreadcrumbList\",\"@id\":\"https:\\\/\\\/www.goldstaubevent.com\\\/?page_id=66#breadcrumb\",\"itemListElement\":[{\"@type\":\"ListItem\",\"position\":1,\"name\":\"Startseite\",\"item\":\"https:\\\/\\\/www.goldstaubevent.com\\\/\"},{\"@type\":\"ListItem\",\"position\":2,\"name\":\"Kontakt\"}]},{\"@type\":\"WebSite\",\"@id\":\"https:\\\/\\\/www.goldstaubevent.com\\\/#website\",\"url\":\"https:\\\/\\\/www.goldstaubevent.com\\\/\",\"name\":\"goldstaubevent - ingo glaesmer\",\"description\":\"Veranstaltungen aus Meisterhand - f\u00fcr Ihren Erfolg!\",\"publisher\":{\"@id\":\"https:\\\/\\\/www.goldstaubevent.com\\\/#organization\"},\"potentialAction\":[{\"@type\":\"SearchAction\",\"target\":{\"@type\":\"EntryPoint\",\"urlTemplate\":\"https:\\\/\\\/www.goldstaubevent.com\\\/?s={search_term_string}\"},\"query-input\":{\"@type\":\"PropertyValueSpecification\",\"valueRequired\":true,\"valueName\":\"search_term_string\"}}],\"inLanguage\":\"de\"},{\"@type\":\"Organization\",\"@id\":\"https:\\\/\\\/www.goldstaubevent.com\\\/#organization\",\"name\":\"goldstaub event - ingo glaesmer\",\"url\":\"https:\\\/\\\/www.goldstaubevent.com\\\/\",\"logo\":{\"@type\":\"ImageObject\",\"inLanguage\":\"de\",\"@id\":\"https:\\\/\\\/www.goldstaubevent.com\\\/#\\\/schema\\\/logo\\\/image\\\/\",\"url\":\"https:\\\/\\\/www.goldstaubevent.com\\\/wp-content\\\/uploads\\\/2019\\\/01\\\/GSE-Logo-1024x151.png\",\"contentUrl\":\"https:\\\/\\\/www.goldstaubevent.com\\\/wp-content\\\/uploads\\\/2019\\\/01\\\/GSE-Logo-1024x151.png\",\"width\":1024,\"height\":151,\"caption\":\"goldstaub event - ingo glaesmer\"},\"image\":{\"@id\":\"https:\\\/\\\/www.goldstaubevent.com\\\/#\\\/schema\\\/logo\\\/image\\\/\"}}]}<\/script>\n<!-- \/ Yoast SEO plugin. -->","yoast_head_json":{"title":"Kontakt - goldstaubevent - ingo glaesmer","robots":{"index":"index","follow":"follow","max-snippet":"max-snippet:-1","max-image-preview":"max-image-preview:large","max-video-preview":"max-video-preview:-1"},"canonical":"https:\/\/www.goldstaubevent.com\/?page_id=66","og_locale":"de_DE","og_type":"article","og_title":"Kontakt - goldstaubevent - ingo glaesmer","og_description":"Kontakt Ich freue mich sehr, dass Sie sich f\u00fcr meine Arbeit interessieren. Rufen Sie gern an oder schreiben Sie eine E-Mail, ich melde mich umgehend bei Ihnen.","og_url":"https:\/\/www.goldstaubevent.com\/?page_id=66","og_site_name":"goldstaubevent - ingo glaesmer","article_modified_time":"2024-05-29T14:59:35+00:00","og_image":[{"url":"https:\/\/www.goldstaubevent.com\/wp-content\/uploads\/2021\/05\/1_PP-1-von-1-1024x683.jpeg","type":"","width":"","height":""}],"twitter_card":"summary_large_image","schema":{"@context":"https:\/\/schema.org","@graph":[{"@type":"WebPage","@id":"https:\/\/www.goldstaubevent.com\/?page_id=66","url":"https:\/\/www.goldstaubevent.com\/?page_id=66","name":"Kontakt - goldstaubevent - ingo glaesmer","isPartOf":{"@id":"https:\/\/www.goldstaubevent.com\/#website"},"primaryImageOfPage":{"@id":"https:\/\/www.goldstaubevent.com\/?page_id=66#primaryimage"},"image":{"@id":"https:\/\/www.goldstaubevent.com\/?page_id=66#primaryimage"},"thumbnailUrl":"https:\/\/www.goldstaubevent.com\/wp-content\/uploads\/2021\/05\/1_PP-1-von-1-1024x683.jpeg","datePublished":"2019-01-12T13:41:20+00:00","dateModified":"2024-05-29T14:59:35+00:00","breadcrumb":{"@id":"https:\/\/www.goldstaubevent.com\/?page_id=66#breadcrumb"},"inLanguage":"de","potentialAction":[{"@type":"ReadAction","target":["https:\/\/www.goldstaubevent.com\/?page_id=66"]}]},{"@type":"ImageObject","inLanguage":"de","@id":"https:\/\/www.goldstaubevent.com\/?page_id=66#primaryimage","url":"https:\/\/www.goldstaubevent.com\/wp-content\/uploads\/2021\/05\/1_PP-1-von-1-1024x683.jpeg","contentUrl":"https:\/\/www.goldstaubevent.com\/wp-content\/uploads\/2021\/05\/1_PP-1-von-1-1024x683.jpeg"},{"@type":"BreadcrumbList","@id":"https:\/\/www.goldstaubevent.com\/?page_id=66#breadcrumb","itemListElement":[{"@type":"ListItem","position":1,"name":"Startseite","item":"https:\/\/www.goldstaubevent.com\/"},{"@type":"ListItem","position":2,"name":"Kontakt"}]},{"@type":"WebSite","@id":"https:\/\/www.goldstaubevent.com\/#website","url":"https:\/\/www.goldstaubevent.com\/","name":"goldstaubevent - ingo glaesmer","description":"Veranstaltungen aus Meisterhand - f\u00fcr Ihren Erfolg!","publisher":{"@id":"https:\/\/www.goldstaubevent.com\/#organization"},"potentialAction":[{"@type":"SearchAction","target":{"@type":"EntryPoint","urlTemplate":"https:\/\/www.goldstaubevent.com\/?s={search_term_string}"},"query-input":{"@type":"PropertyValueSpecification","valueRequired":true,"valueName":"search_term_string"}}],"inLanguage":"de"},{"@type":"Organization","@id":"https:\/\/www.goldstaubevent.com\/#organization","name":"goldstaub event - ingo glaesmer","url":"https:\/\/www.goldstaubevent.com\/","logo":{"@type":"ImageObject","inLanguage":"de","@id":"https:\/\/www.goldstaubevent.com\/#\/schema\/logo\/image\/","url":"https:\/\/www.goldstaubevent.com\/wp-content\/uploads\/2019\/01\/GSE-Logo-1024x151.png","contentUrl":"https:\/\/www.goldstaubevent.com\/wp-content\/uploads\/2019\/01\/GSE-Logo-1024x151.png","width":1024,"height":151,"caption":"goldstaub event - ingo glaesmer"},"image":{"@id":"https:\/\/www.goldstaubevent.com\/#\/schema\/logo\/image\/"}}]}},"_links":{"self":[{"href":"https:\/\/www.goldstaubevent.com\/index.php?rest_route=\/wp\/v2\/pages\/66","targetHints":{"allow":["GET"]}}],"collection":[{"href":"https:\/\/www.goldstaubevent.com\/index.php?rest_route=\/wp\/v2\/pages"}],"about":[{"href":"https:\/\/www.goldstaubevent.com\/index.php?rest_route=\/wp\/v2\/types\/page"}],"author":[{"embeddable":true,"href":"https:\/\/www.goldstaubevent.com\/index.php?rest_route=\/wp\/v2\/users\/1"}],"replies":[{"embeddable":true,"href":"https:\/\/www.goldstaubevent.com\/index.php?rest_route=%2Fwp%2Fv2%2Fcomments&post=66"}],"version-history":[{"count":0,"href":"https:\/\/www.goldstaubevent.com\/index.php?rest_route=\/wp\/v2\/pages\/66\/revisions"}],"wp:attachment":[{"href":"https:\/\/www.goldstaubevent.com\/index.php?rest_route=%2Fwp%2Fv2%2Fmedia&parent=66"}],"curies":[{"name":"wp","href":"https:\/\/api.w.org\/{rel}","templated":true}]}}